{"id":18717,"date":"2025-06-26T13:11:43","date_gmt":"2025-06-26T11:11:43","guid":{"rendered":"https:\/\/merx.se\/integritetspolicy\/"},"modified":"2025-06-26T13:21:17","modified_gmt":"2025-06-26T11:21:17","slug":"privacy-policy","status":"publish","type":"page","link":"https:\/\/merx.se\/en\/privacy-policy\/","title":{"rendered":"Privacy Policy"},"content":{"rendered":"<p>[et_pb_section fb_built=&#8221;1&#8243; module_class=&#8221;pa-custom-background-mask&#8221; _builder_version=&#8221;4.27.4&#8243; _module_preset=&#8221;default&#8221; background_image=&#8221;https:\/\/merx.se\/wp-content\/uploads\/2025\/02\/Merx-miljo-kvalitet-header-1.jpg&#8221; background_enable_mask_style=&#8221;on&#8221; locked=&#8221;off&#8221; global_colors_info=&#8221;{}&#8221;][et_pb_row column_structure=&#8221;1_2,1_2&#8243; _builder_version=&#8221;4.27.4&#8243; _module_preset=&#8221;default&#8221; global_colors_info=&#8221;{}&#8221;][et_pb_column type=&#8221;1_2&#8243; _builder_version=&#8221;4.24.2&#8243; _module_preset=&#8221;default&#8221; global_colors_info=&#8221;{}&#8221;][et_pb_text _builder_version=&#8221;4.27.4&#8243; _module_preset=&#8221;default&#8221; background_layout=&#8221;dark&#8221; custom_padding=&#8221;|60px|||false|false&#8221; custom_padding_tablet=&#8221;|0px|||false|false&#8221; custom_padding_phone=&#8221;|0px|||false|false&#8221; custom_padding_last_edited=&#8221;on|desktop&#8221; hover_enabled=&#8221;0&#8243; global_colors_info=&#8221;{}&#8221; sticky_enabled=&#8221;0&#8243;]<\/p>\n<h1>Privacy Policy<\/h1>\n<p>[\/et_pb_text][\/et_pb_column][et_pb_column type=&#8221;1_2&#8243; _builder_version=&#8221;4.24.2&#8243; _module_preset=&#8221;default&#8221; global_colors_info=&#8221;{}&#8221;][\/et_pb_column][\/et_pb_row][\/et_pb_section][et_pb_section fb_built=&#8221;1&#8243; _builder_version=&#8221;4.27.4&#8243; _module_preset=&#8221;default&#8221; global_colors_info=&#8221;{}&#8221;][et_pb_row column_structure=&#8221;3_5,2_5&#8243; _builder_version=&#8221;4.27.4&#8243; _module_preset=&#8221;default&#8221; global_colors_info=&#8221;{}&#8221;][et_pb_column type=&#8221;3_5&#8243; _builder_version=&#8221;4.27.4&#8243; _module_preset=&#8221;default&#8221; global_colors_info=&#8221;{}&#8221;][et_pb_text _builder_version=&#8221;4.27.4&#8243; _module_preset=&#8221;default&#8221; header_2_font_size=&#8221;34px&#8221; hover_enabled=&#8221;0&#8243; global_colors_info=&#8221;{}&#8221; sticky_enabled=&#8221;0&#8243;]<\/p>\n<h2>Privacy Policy for Merx Svenska AB<\/h2>\n<p>Merx Svenska AB (hereinafter referred to as &#8220;we&#8221;, &#8220;us&#8221;, or &#8220;the company&#8221;) is committed to protecting your privacy and handling your personal data in a secure and responsible manner. This privacy policy explains how we collect, use, and safeguard your personal data when you visit our website.<\/p>\n<h3>1. Company Information<\/h3>\n<p>Merx Svenska AB<br \/>Slussportsv\u00e4gen 6<br \/>614 92 S\u00f6derk\u00f6ping<br \/>Phone: 011-18 00 11<br \/>Email: <a href=\"mailto:reception@merx.se\">reception@merx.se<\/a><br \/>Website: <a href=\"https:\/\/merx.se\/en\/\">https:\/\/merx.se<\/a><\/p>\n<h3>2. Collection of Personal Data<\/h3>\n<p>We collect personal data when you interact with our website, for example when you fill out contact forms or send us inquiries. The personal data we may collect includes your name, contact information, and any messages you send to us via the website.<\/p>\n<h3>3. Use of Personal Data<\/h3>\n<p>We use your personal data to respond to your inquiries and to communicate with you about our services.<\/p>\n<h3>4. Sharing of Personal Data<\/h3>\n<p>We only share your personal data with third parties to the extent necessary to provide our services, such as email services or other providers that assist us with communication. We take all necessary measures to ensure that your personal data is processed securely and in accordance with applicable legislation.<\/p>\n<h3>5. Use of Cookies<\/h3>\n<p>We use cookies on our website to improve the user experience and to analyze how our website is used. By continuing to use our website, you consent to the use of cookies in accordance with our cookie policy.<\/p>\n<h3>6. Your Rights<\/h3>\n<p>You have the right to access information about the personal data we hold about you and to request corrections if the data is incorrect. You also have the right to request that we delete your personal data or restrict its processing under certain circumstances. To exercise your rights or if you have any questions regarding our privacy policy, please contact us at reception@merx.se.<\/p>\n<h3>7. Changes to the Privacy Policy<\/h3>\n<p>We reserve the right to update this privacy policy at any time. Any changes will be published on our website and will take effect immediately upon publication.<br \/>By using our services, you consent to the processing of your personal data as described in this privacy policy.<\/p>\n<p>[\/et_pb_text][\/et_pb_column][et_pb_column type=&#8221;2_5&#8243; _builder_version=&#8221;4.27.4&#8243; _module_preset=&#8221;default&#8221; global_colors_info=&#8221;{}&#8221;][et_pb_cta title=&#8221;Wondering how we handle your personal data?&#8221; button_url=&#8221;https:\/\/merx.se\/en\/contact-us\/&#8221; button_text=&#8221;Contact us&#8221; _builder_version=&#8221;4.27.4&#8243; _module_preset=&#8221;default&#8221; background_enable_color=&#8221;off&#8221; text_orientation=&#8221;left&#8221; background_layout=&#8221;light&#8221; hover_enabled=&#8221;0&#8243; global_colors_info=&#8221;{}&#8221; sticky_enabled=&#8221;0&#8243;]<\/p>\n<p class=\"p1\">Feel free to contact us if you have any questions or need clarification regarding your rights.<\/p>\n<p>[\/et_pb_cta][\/et_pb_column][\/et_pb_row][\/et_pb_section][et_pb_section fb_built=&#8221;1&#8243; _builder_version=&#8221;4.27.4&#8243; _module_preset=&#8221;default&#8221; background_color=&#8221;#F2F2F2&#8243; saved_tabs=&#8221;all&#8221; locked=&#8221;off&#8221; global_colors_info=&#8221;{}&#8221;][et_pb_row column_structure=&#8221;1_3,1_3,1_3&#8243; _builder_version=&#8221;4.27.4&#8243; _module_preset=&#8221;default&#8221; global_colors_info=&#8221;{}&#8221;][et_pb_column type=&#8221;1_3&#8243; _builder_version=&#8221;4.27.4&#8243; _module_preset=&#8221;default&#8221; global_colors_info=&#8221;{}&#8221;][et_pb_text _builder_version=&#8221;4.27.4&#8243; _module_preset=&#8221;default&#8221; animation_style=&#8221;fade&#8221; global_colors_info=&#8221;{}&#8221;]<\/p>\n<h3>Certifierad kvalitet och s\u00e4kerhet<\/h3>\n<p>F\u00f6r att s\u00e4kerst\u00e4lla maximal prestanda och s\u00e4kerhet arbetar vi enligt de h\u00f6gsta standarderna inom rymd- och flygindustrin. V\u00e5ra processer \u00e4r certifierade enligt ISO 9001 och ISO14001, vilket garanterar fullst\u00e4ndig sp\u00e5rbarhet, dokumentation och kvalitetss\u00e4kring i varje steg av produktionen. L\u00e4s mer om <a href=\"https:\/\/merx.se\/en\/about-us\/environment-quality\/\">Milj\u00f6 &amp; Kvalitet.<\/a><\/p>\n<p>[\/et_pb_text][\/et_pb_column][et_pb_column type=&#8221;1_3&#8243; _builder_version=&#8221;4.27.4&#8243; _module_preset=&#8221;default&#8221; global_colors_info=&#8221;{}&#8221;][et_pb_text _builder_version=&#8221;4.27.4&#8243; _module_preset=&#8221;default&#8221; animation_style=&#8221;fade&#8221; animation_delay=&#8221;500ms&#8221; global_colors_info=&#8221;{}&#8221;]<\/p>\n<h3>Din partner <\/h3>\n<p>Med v\u00e5r l\u00e5nga erfarenhet och moderna maskinpark \u00e4r vi en strategisk leverant\u00f6r f\u00f6r f\u00f6retag inom industrin och levererar komponenter som m\u00f6ter de h\u00f6gsta kraven p\u00e5 kvalitet och sp\u00e5rbarhet.<\/p>\n<p>[\/et_pb_text][\/et_pb_column][et_pb_column type=&#8221;1_3&#8243; _builder_version=&#8221;4.27.4&#8243; _module_preset=&#8221;default&#8221; global_colors_info=&#8221;{}&#8221;][et_pb_text _builder_version=&#8221;4.27.4&#8243; _module_preset=&#8221;default&#8221; animation_style=&#8221;fade&#8221; animation_delay=&#8221;1000ms&#8221; global_colors_info=&#8221;{}&#8221;]<\/p>\n<h3>Offertf\u00f6rfr\u00e5gan<\/h3>\n<p>Kontakta oss idag f\u00f6r att diskutera ditt projekt och f\u00e5 en offert. Vi \u00e4r redo att leverera precision och kvalitet i varje detalj.<\/p>\n<p>[\/et_pb_text][et_pb_button button_url=&#8221;#&#8221; button_text=&#8221;Offertf\u00f6rfr\u00e5gan&#8221; module_class=&#8221;et-lb-btn-2&#8243; _builder_version=&#8221;4.27.4&#8243; _module_preset=&#8221;default&#8221; animation_style=&#8221;slide&#8221; animation_direction=&#8221;bottom&#8221; animation_intensity_slide=&#8221;20%&#8221; global_colors_info=&#8221;{}&#8221;][\/et_pb_button][\/et_pb_column][\/et_pb_row][\/et_pb_section][et_pb_section fb_built=&#8221;1&#8243; _builder_version=&#8221;4.27.4&#8243; _module_preset=&#8221;default&#8221; background_color=&#8221;#7CB518&#8243; custom_padding=&#8221;30px||30px||false|false&#8221; saved_tabs=&#8221;all&#8221; global_colors_info=&#8221;{}&#8221;][et_pb_row column_structure=&#8221;1_3,1_3,1_3&#8243; _builder_version=&#8221;4.27.4&#8243; _module_preset=&#8221;default&#8221; max_width=&#8221;980px&#8221; custom_padding=&#8221;||0px||false|false&#8221; global_colors_info=&#8221;{}&#8221;][et_pb_column type=&#8221;1_3&#8243; _builder_version=&#8221;4.27.4&#8243; _module_preset=&#8221;default&#8221; global_colors_info=&#8221;{}&#8221;][et_pb_number_counter title=&#8221;Timmar kapacitet&#8221; number=&#8221;60000&#8243; percent_sign=&#8221;off&#8221; _builder_version=&#8221;4.27.4&#8243; _module_preset=&#8221;default&#8221; title_level=&#8221;h5&#8243; number_text_color=&#8221;#F2F2F2&#8243; background_layout=&#8221;dark&#8221; global_colors_info=&#8221;{}&#8221;][\/et_pb_number_counter][\/et_pb_column][et_pb_column type=&#8221;1_3&#8243; _builder_version=&#8221;4.27.4&#8243; _module_preset=&#8221;default&#8221; global_colors_info=&#8221;{}&#8221;][et_pb_number_counter title=&#8221;Erfarna medarbetare&#8221; number=&#8221;70&#8243; percent_sign=&#8221;off&#8221; _builder_version=&#8221;4.27.4&#8243; _module_preset=&#8221;default&#8221; title_level=&#8221;h5&#8243; number_text_color=&#8221;#F2F2F2&#8243; background_layout=&#8221;dark&#8221; global_colors_info=&#8221;{}&#8221;][\/et_pb_number_counter][\/et_pb_column][et_pb_column type=&#8221;1_3&#8243; _builder_version=&#8221;4.27.4&#8243; _module_preset=&#8221;default&#8221; global_colors_info=&#8221;{}&#8221;][et_pb_number_counter title=&#8221;Miljoner i oms\u00e4ttning&#8221; number=&#8221;140&#8243; percent_sign=&#8221;off&#8221; _builder_version=&#8221;4.27.4&#8243; _module_preset=&#8221;default&#8221; title_level=&#8221;h5&#8243; number_text_color=&#8221;#F2F2F2&#8243; background_layout=&#8221;dark&#8221; global_colors_info=&#8221;{}&#8221;][\/et_pb_number_counter][\/et_pb_column][\/et_pb_row][et_pb_row column_structure=&#8221;1_4,1_4,1_4,1_4&#8243; use_custom_gutter=&#8221;on&#8221; gutter_width=&#8221;1&#8243; _builder_version=&#8221;4.27.4&#8243; _module_preset=&#8221;default&#8221; max_width=&#8221;1400px&#8221; custom_padding=&#8221;||0px||false|false&#8221; global_colors_info=&#8221;{}&#8221;][et_pb_column type=&#8221;1_4&#8243; _builder_version=&#8221;4.27.4&#8243; _module_preset=&#8221;default&#8221; global_colors_info=&#8221;{}&#8221;][\/et_pb_column][et_pb_column type=&#8221;1_4&#8243; _builder_version=&#8221;4.27.4&#8243; _module_preset=&#8221;default&#8221; global_colors_info=&#8221;{}&#8221;][et_pb_blurb title=&#8221;ISO9001&#8243; use_icon=&#8221;on&#8221; font_icon=&#8221;&#xf570;||fa||900&#8243; icon_color=&#8221;#7CB518&#8243; image_icon_background_color=&#8221;#F2F2F2&#8243; _builder_version=&#8221;4.27.4&#8243; _module_preset=&#8221;default&#8221; header_level=&#8221;h5&#8243; header_font=&#8221;||||||||&#8221; header_font_size=&#8221;24px&#8221; image_icon_custom_margin=&#8221;||||false|false&#8221; image_icon_custom_padding=&#8221;10px|10px|10px|10px|false|false&#8221; text_orientation=&#8221;center&#8221; background_layout=&#8221;dark&#8221; animation_style=&#8221;fade&#8221; link_option_url=&#8221;\/wp-content\/uploads\/2025\/02\/ISO-9001-C533043-2-en-US-20230530-20230531055452.pdf&#8221; custom_css_free_form=&#8221;selector .et_pb_main_blurb_image {margin-bottom:0;}&#8221; border_radii_image=&#8221;on|10px|10px|10px|10px&#8221; global_colors_info=&#8221;{}&#8221;][\/et_pb_blurb][\/et_pb_column][et_pb_column type=&#8221;1_4&#8243; _builder_version=&#8221;4.27.4&#8243; _module_preset=&#8221;default&#8221; global_colors_info=&#8221;{}&#8221;][et_pb_blurb title=&#8221;ISO14001&#8243; use_icon=&#8221;on&#8221; font_icon=&#8221;&#xf570;||fa||900&#8243; icon_color=&#8221;#7CB518&#8243; image_icon_background_color=&#8221;#F2F2F2&#8243; _builder_version=&#8221;4.27.4&#8243; _module_preset=&#8221;default&#8221; header_level=&#8221;h5&#8243; header_font=&#8221;||||||||&#8221; header_font_size=&#8221;24px&#8221; image_icon_custom_margin=&#8221;||||false|false&#8221; image_icon_custom_padding=&#8221;10px|10px|10px|10px|false|false&#8221; text_orientation=&#8221;center&#8221; background_layout=&#8221;dark&#8221; animation_style=&#8221;fade&#8221; link_option_url=&#8221;\/wp-content\/uploads\/2025\/02\/ISO-14001-C533044-2-en-US-20230530-20230531060200.pdf&#8221; custom_css_free_form=&#8221;selector .et_pb_main_blurb_image {margin-bottom:0;}&#8221; border_radii_image=&#8221;on|10px|10px|10px|10px&#8221; global_colors_info=&#8221;{}&#8221;][\/et_pb_blurb][\/et_pb_column][et_pb_column type=&#8221;1_4&#8243; _builder_version=&#8221;4.27.4&#8243; _module_preset=&#8221;default&#8221; global_colors_info=&#8221;{}&#8221;][\/et_pb_column][\/et_pb_row][et_pb_row column_structure=&#8221;1_5,3_5,1_5&#8243; _builder_version=&#8221;4.27.4&#8243; _module_preset=&#8221;default&#8221; custom_padding=&#8221;0px||||false|false&#8221; global_colors_info=&#8221;{}&#8221;][et_pb_column type=&#8221;1_5&#8243; _builder_version=&#8221;4.27.4&#8243; _module_preset=&#8221;default&#8221; global_colors_info=&#8221;{}&#8221;][\/et_pb_column][et_pb_column type=&#8221;3_5&#8243; _builder_version=&#8221;4.27.4&#8243; _module_preset=&#8221;default&#8221; global_colors_info=&#8221;{}&#8221;][et_pb_text _builder_version=&#8221;4.27.4&#8243; _module_preset=&#8221;default&#8221; text_orientation=&#8221;center&#8221; background_layout=&#8221;dark&#8221; custom_css_free_form=&#8221;selector a {color: white;}&#8221; global_colors_info=&#8221;{}&#8221;]<\/p>\n<h3>D\u00e4rf\u00f6r ska du v\u00e4lja Merx som din leverant\u00f6r<\/h3>\n<p>V\u00e5r styrka ligger i v\u00e5ra <a href=\"https:\/\/merx.se\/en\/contact-us\/\">kompetenta medarbetare<\/a> \u2013 erfarna specialister som f\u00f6rst\u00e5r materialens egenskaper och bearbetningens komplexitet. Genom kontinuerlig utveckling och investeringar i ny teknologi s\u00e4kerst\u00e4ller vi att v\u00e5ra kunder f\u00e5r komponenter som inte bara uppfyller branschens h\u00f6gsta krav utan ocks\u00e5 bidrar till innovation och l\u00e5ngsiktig h\u00e5llbarhet. P\u00e5 Merx \u00e4r vi mer \u00e4n en leverant\u00f6r \u2013 vi \u00e4r en teknisk partner som hj\u00e4lper f\u00f6retag att f\u00f6rverkliga sina visioner och optimera sin produktion. <\/p>\n<p>[\/et_pb_text][\/et_pb_column][et_pb_column type=&#8221;1_5&#8243; _builder_version=&#8221;4.27.4&#8243; _module_preset=&#8221;default&#8221; global_colors_info=&#8221;{}&#8221;][\/et_pb_column][\/et_pb_row][\/et_pb_section]<\/p>\n","protected":false},"excerpt":{"rendered":"<p>Privacy PolicyPrivacy Policy for Merx Svenska AB Merx Svenska AB (hereinafter referred to as &#8220;we&#8221;, &#8220;us&#8221;, or &#8220;the company&#8221;) is committed to protecting your privacy and handling your personal data in a secure and responsible manner. This privacy policy explains how we collect, use, and safeguard your personal data when you visit our website. 1. [&hellip;]<\/p>\n","protected":false},"author":5,"featured_media":0,"parent":0,"menu_order":0,"comment_status":"closed","ping_status":"closed","template":"","meta":{"_et_pb_use_builder":"on","_et_pb_old_content":"","_et_gb_content_width":"","footnotes":""},"class_list":["post-18717","page","type-page","status-publish","hentry"],"yoast_head":"<!-- This site is optimized with the Yoast SEO plugin v27.4 - https:\/\/yoast.com\/product\/yoast-seo-wordpress\/ -->\n<title>Privacy Policy - Merx<\/title>\n<meta name=\"robots\" content=\"noindex, follow, max-snippet:-1, max-image-preview:large, max-video-preview:-1\" \/>\n<meta property=\"og:locale\" content=\"en_US\" \/>\n<meta property=\"og:type\" content=\"article\" \/>\n<meta property=\"og:title\" content=\"Privacy Policy - Merx\" \/>\n<meta property=\"og:description\" content=\"Privacy PolicyPrivacy Policy for Merx Svenska AB Merx Svenska AB (hereinafter referred to as &quot;we&quot;, &quot;us&quot;, or &quot;the company&quot;) is committed to protecting your privacy and handling your personal data in a secure and responsible manner. This privacy policy explains how we collect, use, and safeguard your personal data when you visit our website. 1. [&hellip;]\" \/>\n<meta property=\"og:url\" content=\"https:\/\/merx.se\/en\/privacy-policy\/\" \/>\n<meta property=\"og:site_name\" content=\"Merx\" \/>\n<meta property=\"article:modified_time\" content=\"2025-06-26T11:21:17+00:00\" \/>\n<meta name=\"twitter:card\" content=\"summary_large_image\" \/>\n<meta name=\"twitter:label1\" content=\"Est. reading time\" \/>\n\t<meta name=\"twitter:data1\" content=\"3 minutes\" \/>\n<script type=\"application\/ld+json\" class=\"yoast-schema-graph\">{\"@context\":\"https:\\\/\\\/schema.org\",\"@graph\":[{\"@type\":\"WebPage\",\"@id\":\"https:\\\/\\\/merx.se\\\/en\\\/privacy-policy\\\/\",\"url\":\"https:\\\/\\\/merx.se\\\/en\\\/privacy-policy\\\/\",\"name\":\"Privacy Policy - Merx\",\"isPartOf\":{\"@id\":\"https:\\\/\\\/merx.se\\\/#website\"},\"datePublished\":\"2025-06-26T11:11:43+00:00\",\"dateModified\":\"2025-06-26T11:21:17+00:00\",\"breadcrumb\":{\"@id\":\"https:\\\/\\\/merx.se\\\/en\\\/privacy-policy\\\/#breadcrumb\"},\"inLanguage\":\"en-US\",\"potentialAction\":[{\"@type\":\"ReadAction\",\"target\":[\"https:\\\/\\\/merx.se\\\/en\\\/privacy-policy\\\/\"]}]},{\"@type\":\"BreadcrumbList\",\"@id\":\"https:\\\/\\\/merx.se\\\/en\\\/privacy-policy\\\/#breadcrumb\",\"itemListElement\":[{\"@type\":\"ListItem\",\"position\":1,\"name\":\"Home\",\"item\":\"https:\\\/\\\/merx.se\\\/en\\\/\"},{\"@type\":\"ListItem\",\"position\":2,\"name\":\"Privacy Policy\"}]},{\"@type\":\"WebSite\",\"@id\":\"https:\\\/\\\/merx.se\\\/#website\",\"url\":\"https:\\\/\\\/merx.se\\\/\",\"name\":\"Merx\",\"description\":\"CNC produktion f\u00f6r kr\u00e4vande industrier \",\"publisher\":{\"@id\":\"https:\\\/\\\/merx.se\\\/#organization\"},\"potentialAction\":[{\"@type\":\"SearchAction\",\"target\":{\"@type\":\"EntryPoint\",\"urlTemplate\":\"https:\\\/\\\/merx.se\\\/?s={search_term_string}\"},\"query-input\":{\"@type\":\"PropertyValueSpecification\",\"valueRequired\":true,\"valueName\":\"search_term_string\"}}],\"inLanguage\":\"en-US\"},{\"@type\":\"Organization\",\"@id\":\"https:\\\/\\\/merx.se\\\/#organization\",\"name\":\"Merx\",\"url\":\"https:\\\/\\\/merx.se\\\/\",\"logo\":{\"@type\":\"ImageObject\",\"inLanguage\":\"en-US\",\"@id\":\"https:\\\/\\\/merx.se\\\/#\\\/schema\\\/logo\\\/image\\\/\",\"url\":\"https:\\\/\\\/merx.se\\\/wp-content\\\/uploads\\\/2025\\\/02\\\/favicon.png\",\"contentUrl\":\"https:\\\/\\\/merx.se\\\/wp-content\\\/uploads\\\/2025\\\/02\\\/favicon.png\",\"width\":512,\"height\":512,\"caption\":\"Merx\"},\"image\":{\"@id\":\"https:\\\/\\\/merx.se\\\/#\\\/schema\\\/logo\\\/image\\\/\"}}]}<\/script>\n<!-- \/ Yoast SEO plugin. -->","yoast_head_json":{"title":"Privacy Policy - Merx","robots":{"index":"noindex","follow":"follow","max-snippet":"max-snippet:-1","max-image-preview":"max-image-preview:large","max-video-preview":"max-video-preview:-1"},"og_locale":"en_US","og_type":"article","og_title":"Privacy Policy - Merx","og_description":"Privacy PolicyPrivacy Policy for Merx Svenska AB Merx Svenska AB (hereinafter referred to as \"we\", \"us\", or \"the company\") is committed to protecting your privacy and handling your personal data in a secure and responsible manner. This privacy policy explains how we collect, use, and safeguard your personal data when you visit our website. 1. [&hellip;]","og_url":"https:\/\/merx.se\/en\/privacy-policy\/","og_site_name":"Merx","article_modified_time":"2025-06-26T11:21:17+00:00","twitter_card":"summary_large_image","twitter_misc":{"Est. reading time":"3 minutes"},"schema":{"@context":"https:\/\/schema.org","@graph":[{"@type":"WebPage","@id":"https:\/\/merx.se\/en\/privacy-policy\/","url":"https:\/\/merx.se\/en\/privacy-policy\/","name":"Privacy Policy - Merx","isPartOf":{"@id":"https:\/\/merx.se\/#website"},"datePublished":"2025-06-26T11:11:43+00:00","dateModified":"2025-06-26T11:21:17+00:00","breadcrumb":{"@id":"https:\/\/merx.se\/en\/privacy-policy\/#breadcrumb"},"inLanguage":"en-US","potentialAction":[{"@type":"ReadAction","target":["https:\/\/merx.se\/en\/privacy-policy\/"]}]},{"@type":"BreadcrumbList","@id":"https:\/\/merx.se\/en\/privacy-policy\/#breadcrumb","itemListElement":[{"@type":"ListItem","position":1,"name":"Home","item":"https:\/\/merx.se\/en\/"},{"@type":"ListItem","position":2,"name":"Privacy Policy"}]},{"@type":"WebSite","@id":"https:\/\/merx.se\/#website","url":"https:\/\/merx.se\/","name":"Merx","description":"CNC produktion f\u00f6r kr\u00e4vande industrier ","publisher":{"@id":"https:\/\/merx.se\/#organization"},"potentialAction":[{"@type":"SearchAction","target":{"@type":"EntryPoint","urlTemplate":"https:\/\/merx.se\/?s={search_term_string}"},"query-input":{"@type":"PropertyValueSpecification","valueRequired":true,"valueName":"search_term_string"}}],"inLanguage":"en-US"},{"@type":"Organization","@id":"https:\/\/merx.se\/#organization","name":"Merx","url":"https:\/\/merx.se\/","logo":{"@type":"ImageObject","inLanguage":"en-US","@id":"https:\/\/merx.se\/#\/schema\/logo\/image\/","url":"https:\/\/merx.se\/wp-content\/uploads\/2025\/02\/favicon.png","contentUrl":"https:\/\/merx.se\/wp-content\/uploads\/2025\/02\/favicon.png","width":512,"height":512,"caption":"Merx"},"image":{"@id":"https:\/\/merx.se\/#\/schema\/logo\/image\/"}}]}},"_links":{"self":[{"href":"https:\/\/merx.se\/en\/wp-json\/wp\/v2\/pages\/18717","targetHints":{"allow":["GET"]}}],"collection":[{"href":"https:\/\/merx.se\/en\/wp-json\/wp\/v2\/pages"}],"about":[{"href":"https:\/\/merx.se\/en\/wp-json\/wp\/v2\/types\/page"}],"author":[{"embeddable":true,"href":"https:\/\/merx.se\/en\/wp-json\/wp\/v2\/users\/5"}],"replies":[{"embeddable":true,"href":"https:\/\/merx.se\/en\/wp-json\/wp\/v2\/comments?post=18717"}],"version-history":[{"count":0,"href":"https:\/\/merx.se\/en\/wp-json\/wp\/v2\/pages\/18717\/revisions"}],"wp:attachment":[{"href":"https:\/\/merx.se\/en\/wp-json\/wp\/v2\/media?parent=18717"}],"curies":[{"name":"wp","href":"https:\/\/api.w.org\/{rel}","templated":true}]}}