{"id":18680,"date":"2025-03-27T09:05:22","date_gmt":"2025-03-27T08:05:22","guid":{"rendered":"https:\/\/merx.se\/leverantorsdokument\/"},"modified":"2025-04-28T09:33:43","modified_gmt":"2025-04-28T07:33:43","slug":"supplier-documents","status":"publish","type":"page","link":"https:\/\/merx.se\/en\/supplier-documents\/","title":{"rendered":"Supplier Documents"},"content":{"rendered":"<p>[et_pb_section fb_built=&#8221;1&#8243; module_class=&#8221;pa-custom-background-mask&#8221; _builder_version=&#8221;4.27.4&#8243; _module_preset=&#8221;default&#8221; background_image=&#8221;https:\/\/merx.se\/wp-content\/uploads\/2025\/04\/Supplier-Documents-1.jpg&#8221; background_enable_mask_style=&#8221;on&#8221; custom_padding=&#8221;54px|||||&#8221; hover_enabled=&#8221;0&#8243; locked=&#8221;off&#8221; global_colors_info=&#8221;{}&#8221; title_text=&#8221;Supplier-Documents&#8221; sticky_enabled=&#8221;0&#8243;][et_pb_row column_structure=&#8221;1_2,1_2&#8243; _builder_version=&#8221;4.27.4&#8243; _module_preset=&#8221;default&#8221; global_colors_info=&#8221;{}&#8221;][et_pb_column type=&#8221;1_2&#8243; _builder_version=&#8221;4.24.2&#8243; _module_preset=&#8221;default&#8221; global_colors_info=&#8221;{}&#8221;][et_pb_text _builder_version=&#8221;4.27.4&#8243; _module_preset=&#8221;default&#8221; background_layout=&#8221;dark&#8221; custom_padding=&#8221;|60px|||false|false&#8221; custom_padding_tablet=&#8221;|0px|||false|false&#8221; custom_padding_phone=&#8221;|0px|||false|false&#8221; custom_padding_last_edited=&#8221;on|desktop&#8221; global_colors_info=&#8221;{}&#8221;]<\/p>\n<h1><span class=\"green\">Supplier Documents<\/span> for Quality and Transparency<\/h1>\n<p class=\"preamble\">We set high standards \u2013 including for ourselves. At Merx, we provide clear and structured supplier documents to ensure transparency, traceability, and compliance at every stage of the supply chain.<\/p>\n<p>[\/et_pb_text][\/et_pb_column][et_pb_column type=&#8221;1_2&#8243; _builder_version=&#8221;4.24.2&#8243; _module_preset=&#8221;default&#8221; global_colors_info=&#8221;{}&#8221;][\/et_pb_column][\/et_pb_row][\/et_pb_section][et_pb_section fb_built=&#8221;1&#8243; _builder_version=&#8221;4.27.4&#8243; _module_preset=&#8221;default&#8221; global_colors_info=&#8221;{}&#8221;][et_pb_row column_structure=&#8221;3_5,2_5&#8243; _builder_version=&#8221;4.27.4&#8243; _module_preset=&#8221;default&#8221; global_colors_info=&#8221;{}&#8221;][et_pb_column type=&#8221;3_5&#8243; _builder_version=&#8221;4.27.4&#8243; _module_preset=&#8221;default&#8221; global_colors_info=&#8221;{}&#8221;][et_pb_text _builder_version=&#8221;4.27.4&#8243; _module_preset=&#8221;default&#8221; global_colors_info=&#8221;{}&#8221;]<\/p>\n<h2>Guidelines for a Strong Partnership<\/h2>\n<p class=\"p1\">Achieving high and consistent quality in every delivery requires a clear, shared responsibility between Merx and our suppliers. Our supplier documents contain well-defined specifications, work routines, and quality standards that ensure a reliable collaboration. The document serves as a practical guide and covers everything from quality assurance and sustainability efforts to delivery routines, technical specifications, and invoicing procedures.<\/p>\n<p class=\"p1\">By working according to these guidelines, we lay the foundation for a structured partnership where every link in the chain is traceable, professional, and built on mutual trust \u2013 with the goal of creating long-term and sustainable business relationships.<\/p>\n<p>[\/et_pb_text][ba_dual_button btn_a_text=&#8221;Riktlinjer f\u00f6r underleverant\u00f6r&#8221; btn_a_link=&#8221;https:\/\/merx.se\/wp-content\/uploads\/2025\/03\/Code-of-Conduct.pdf&#8221; btn_a_link_target=&#8221;_blank&#8221; btn_b_text=&#8221;Guidelines for suppliers&#8221; btn_b_link=&#8221;https:\/\/merx.se\/wp-content\/uploads\/2025\/03\/Code-of-Conduct-English.pdf&#8221; button_gap=&#8221;10px&#8221; _builder_version=&#8221;4.27.4&#8243; _module_preset=&#8221;default&#8221; custom_padding=&#8221;||1px|||&#8221; global_colors_info=&#8221;{}&#8221;][\/ba_dual_button][\/et_pb_column][et_pb_column type=&#8221;2_5&#8243; _builder_version=&#8221;4.27.4&#8243; _module_preset=&#8221;default&#8221; global_colors_info=&#8221;{}&#8221;][et_pb_text _builder_version=&#8221;4.27.4&#8243; _module_preset=&#8221;default&#8221; global_colors_info=&#8221;{}&#8221;]<\/p>\n<h2>Planning to Send Us an Invoice?<\/h2>\n<p>To ensure correct handling of invoices, please use the following information:<\/p>\n<p>Company Name: Merx Svenska AB<br \/>Organization Number: 556566-0759<br \/>Address: Slussportsv\u00e4gen 6, 614 92 S\u00f6derk\u00f6ping, Sweden<br \/>Invoices should be sent to: <a href=\"mailto:reception@merx.se\">reception@merx.se<\/a><\/p>\n<p>If you have any questions, please feel free to <a href=\"https:\/\/merx.se\/en\/contact-us\/\">contact us<\/a>.<\/p>\n<p>[\/et_pb_text][\/et_pb_column][\/et_pb_row][\/et_pb_section][et_pb_section fb_built=&#8221;1&#8243; _builder_version=&#8221;4.27.4&#8243; _module_preset=&#8221;default&#8221; background_color=&#8221;#F2F2F2&#8243; global_module=&#8221;18476&#8243; saved_tabs=&#8221;all&#8221; locked=&#8221;off&#8221; global_colors_info=&#8221;{}&#8221;][et_pb_row column_structure=&#8221;1_3,1_3,1_3&#8243; _builder_version=&#8221;4.27.4&#8243; _module_preset=&#8221;default&#8221; global_colors_info=&#8221;{}&#8221;][et_pb_column type=&#8221;1_3&#8243; _builder_version=&#8221;4.27.4&#8243; _module_preset=&#8221;default&#8221; global_colors_info=&#8221;{}&#8221;][et_pb_text _builder_version=&#8221;4.27.4&#8243; _module_preset=&#8221;default&#8221; animation_style=&#8221;fade&#8221; global_colors_info=&#8221;{}&#8221;]<\/p>\n<h3>Certified Quality and Safety<\/h3>\n<p>To ensure maximum performance and safety, we operate according to the highest standards in the aerospace industry. Our processes are certified according to ISO 9001 and ISO 14001, ensuring complete traceability, documentation, and quality assurance at every stage of production. Read more about <a href=\"https:\/\/merx.se\/en\/about-us\/environment-quality\/\">Environment &#038; Quality.<\/a><\/p>\n<p>[\/et_pb_text][\/et_pb_column][et_pb_column type=&#8221;1_3&#8243; _builder_version=&#8221;4.27.4&#8243; _module_preset=&#8221;default&#8221; global_colors_info=&#8221;{}&#8221;][et_pb_text _builder_version=&#8221;4.27.4&#8243; _module_preset=&#8221;default&#8221; animation_style=&#8221;fade&#8221; animation_delay=&#8221;500ms&#8221; global_colors_info=&#8221;{}&#8221;]<\/p>\n<h3>Your Partner<\/h3>\n<p>With our extensive experience and modern machinery, we are a strategic supplier for companies in the industry, delivering components that meet the highest standards of quality and traceability.<\/p>\n<p>[\/et_pb_text][\/et_pb_column][et_pb_column type=&#8221;1_3&#8243; _builder_version=&#8221;4.27.4&#8243; _module_preset=&#8221;default&#8221; global_colors_info=&#8221;{}&#8221;][et_pb_text _builder_version=&#8221;4.27.4&#8243; _module_preset=&#8221;default&#8221; animation_style=&#8221;fade&#8221; animation_delay=&#8221;1000ms&#8221; global_colors_info=&#8221;{}&#8221;]<\/p>\n<h3>Request a Quote<\/h3>\n<p>Contact us today to discuss your project and receive a quote. We are ready to deliver precision and quality in every detail.<\/p>\n<p>[\/et_pb_text][et_pb_button button_url=&#8221;#&#8221; button_text=&#8221;Request a Quote&#8221; admin_label=&#8221;Request for Quote&#8221; module_class=&#8221;et-lb-btn-2&#8243; _builder_version=&#8221;4.27.4&#8243; _module_preset=&#8221;default&#8221; custom_margin=&#8221;||30px||false|false&#8221; animation_style=&#8221;slide&#8221; animation_direction=&#8221;bottom&#8221; animation_intensity_slide=&#8221;20%&#8221; global_colors_info=&#8221;{}&#8221;][\/et_pb_button][\/et_pb_column][\/et_pb_row][\/et_pb_section][et_pb_section fb_built=&#8221;1&#8243; _builder_version=&#8221;4.27.4&#8243; _module_preset=&#8221;default&#8221; background_color=&#8221;#7CB518&#8243; custom_padding=&#8221;30px||30px||false|false&#8221; global_module=&#8221;18477&#8243; saved_tabs=&#8221;all&#8221; global_colors_info=&#8221;{}&#8221;][et_pb_row column_structure=&#8221;1_3,1_3,1_3&#8243; _builder_version=&#8221;4.27.4&#8243; _module_preset=&#8221;default&#8221; max_width=&#8221;980px&#8221; custom_padding=&#8221;||0px||false|false&#8221; global_colors_info=&#8221;{}&#8221;][et_pb_column type=&#8221;1_3&#8243; _builder_version=&#8221;4.27.4&#8243; _module_preset=&#8221;default&#8221; global_colors_info=&#8221;{}&#8221;][et_pb_number_counter title=&#8221;Hour Capacity&#8221; number=&#8221;60000&#8243; percent_sign=&#8221;off&#8221; _builder_version=&#8221;4.27.4&#8243; _module_preset=&#8221;default&#8221; title_level=&#8221;h5&#8243; number_text_color=&#8221;#F2F2F2&#8243; background_layout=&#8221;dark&#8221; global_colors_info=&#8221;{}&#8221;][\/et_pb_number_counter][\/et_pb_column][et_pb_column type=&#8221;1_3&#8243; _builder_version=&#8221;4.27.4&#8243; _module_preset=&#8221;default&#8221; global_colors_info=&#8221;{}&#8221;][et_pb_number_counter title=&#8221;Skilled Employees&#8221; number=&#8221;70&#8243; percent_sign=&#8221;off&#8221; _builder_version=&#8221;4.27.4&#8243; _module_preset=&#8221;default&#8221; title_level=&#8221;h5&#8243; number_text_color=&#8221;#F2F2F2&#8243; background_layout=&#8221;dark&#8221; global_colors_info=&#8221;{}&#8221;][\/et_pb_number_counter][\/et_pb_column][et_pb_column type=&#8221;1_3&#8243; _builder_version=&#8221;4.27.4&#8243; _module_preset=&#8221;default&#8221; global_colors_info=&#8221;{}&#8221;][et_pb_number_counter title=&#8221;Million SEK in Turnover&#8221; number=&#8221;140&#8243; percent_sign=&#8221;off&#8221; _builder_version=&#8221;4.27.4&#8243; _module_preset=&#8221;default&#8221; title_level=&#8221;h5&#8243; number_text_color=&#8221;#F2F2F2&#8243; background_layout=&#8221;dark&#8221; global_colors_info=&#8221;{}&#8221;][\/et_pb_number_counter][\/et_pb_column][\/et_pb_row][et_pb_row column_structure=&#8221;1_4,1_4,1_4,1_4&#8243; use_custom_gutter=&#8221;on&#8221; gutter_width=&#8221;1&#8243; _builder_version=&#8221;4.27.4&#8243; _module_preset=&#8221;default&#8221; max_width=&#8221;1400px&#8221; custom_padding=&#8221;||0px||false|false&#8221; global_colors_info=&#8221;{}&#8221;][et_pb_column type=&#8221;1_4&#8243; _builder_version=&#8221;4.27.4&#8243; _module_preset=&#8221;default&#8221; global_colors_info=&#8221;{}&#8221;][\/et_pb_column][et_pb_column type=&#8221;1_4&#8243; _builder_version=&#8221;4.27.4&#8243; _module_preset=&#8221;default&#8221; global_colors_info=&#8221;{}&#8221;][et_pb_blurb title=&#8221;ISO9001&#8243; use_icon=&#8221;on&#8221; font_icon=&#8221;&#xf570;||fa||900&#8243; icon_color=&#8221;#7CB518&#8243; image_icon_background_color=&#8221;#F2F2F2&#8243; _builder_version=&#8221;4.27.4&#8243; _module_preset=&#8221;default&#8221; header_level=&#8221;h5&#8243; header_font=&#8221;||||||||&#8221; header_font_size=&#8221;24px&#8221; image_icon_custom_margin=&#8221;||||false|false&#8221; image_icon_custom_padding=&#8221;10px|10px|10px|10px|false|false&#8221; text_orientation=&#8221;center&#8221; background_layout=&#8221;dark&#8221; animation_style=&#8221;fade&#8221; link_option_url=&#8221;\/wp-content\/uploads\/2025\/02\/ISO-9001-C533043-2-en-US-20230530-20230531055452.pdf&#8221; custom_css_free_form=&#8221;selector .et_pb_main_blurb_image {margin-bottom:0;}&#8221; border_radii_image=&#8221;on|10px|10px|10px|10px&#8221; global_colors_info=&#8221;{}&#8221;][\/et_pb_blurb][\/et_pb_column][et_pb_column type=&#8221;1_4&#8243; _builder_version=&#8221;4.27.4&#8243; _module_preset=&#8221;default&#8221; global_colors_info=&#8221;{}&#8221;][et_pb_blurb title=&#8221;ISO14001&#8243; use_icon=&#8221;on&#8221; font_icon=&#8221;&#xf570;||fa||900&#8243; icon_color=&#8221;#7CB518&#8243; image_icon_background_color=&#8221;#F2F2F2&#8243; _builder_version=&#8221;4.27.4&#8243; _module_preset=&#8221;default&#8221; header_level=&#8221;h5&#8243; header_font=&#8221;||||||||&#8221; header_font_size=&#8221;24px&#8221; image_icon_custom_margin=&#8221;||||false|false&#8221; image_icon_custom_padding=&#8221;10px|10px|10px|10px|false|false&#8221; text_orientation=&#8221;center&#8221; background_layout=&#8221;dark&#8221; animation_style=&#8221;fade&#8221; link_option_url=&#8221;\/wp-content\/uploads\/2025\/02\/ISO-14001-C533044-2-en-US-20230530-20230531060200.pdf&#8221; custom_css_free_form=&#8221;selector .et_pb_main_blurb_image {margin-bottom:0;}&#8221; border_radii_image=&#8221;on|10px|10px|10px|10px&#8221; global_colors_info=&#8221;{}&#8221;][\/et_pb_blurb][\/et_pb_column][et_pb_column type=&#8221;1_4&#8243; _builder_version=&#8221;4.27.4&#8243; _module_preset=&#8221;default&#8221; global_colors_info=&#8221;{}&#8221;][\/et_pb_column][\/et_pb_row][et_pb_row column_structure=&#8221;1_5,3_5,1_5&#8243; _builder_version=&#8221;4.27.4&#8243; _module_preset=&#8221;default&#8221; custom_padding=&#8221;0px||||false|false&#8221; global_colors_info=&#8221;{}&#8221;][et_pb_column type=&#8221;1_5&#8243; _builder_version=&#8221;4.27.4&#8243; _module_preset=&#8221;default&#8221; global_colors_info=&#8221;{}&#8221;][\/et_pb_column][et_pb_column type=&#8221;3_5&#8243; _builder_version=&#8221;4.27.4&#8243; _module_preset=&#8221;default&#8221; global_colors_info=&#8221;{}&#8221;][et_pb_text _builder_version=&#8221;4.27.4&#8243; _module_preset=&#8221;default&#8221; text_orientation=&#8221;center&#8221; background_layout=&#8221;dark&#8221; custom_css_free_form=&#8221;selector a {color: white;}&#8221; global_colors_info=&#8221;{}&#8221;]<\/p>\n<h3>Why You Should Choose Merx as Your Supplier<\/h3>\n<p>Our strength lies in our <a href=\"https:\/\/merx.se\/en\/contact-us\/\">skilled employees<\/a> \u2013 experienced specialists who understand the properties of materials and the complexity of machining. Through continuous development and investment in new technology, we ensure that our customers receive components that not only meet the industry&#8217;s highest standards but also contribute to innovation and long-term sustainability. At Merx, we are more than a supplier \u2013 we are a technical partner that helps companies realize their visions and optimize their production.<\/p>\n<p>[\/et_pb_text][\/et_pb_column][et_pb_column type=&#8221;1_5&#8243; _builder_version=&#8221;4.27.4&#8243; _module_preset=&#8221;default&#8221; global_colors_info=&#8221;{}&#8221;][\/et_pb_column][\/et_pb_row][\/et_pb_section]<\/p>\n","protected":false},"excerpt":{"rendered":"<p>Supplier Documents for Quality and Transparency We set high standards \u2013 including for ourselves. At Merx, we provide clear and structured supplier documents to ensure transparency, traceability, and compliance at every stage of the supply chain.Guidelines for a Strong Partnership Achieving high and consistent quality in every delivery requires a clear, shared responsibility between Merx [&hellip;]<\/p>\n","protected":false},"author":5,"featured_media":0,"parent":0,"menu_order":0,"comment_status":"closed","ping_status":"closed","template":"","meta":{"_et_pb_use_builder":"on","_et_pb_old_content":"","_et_gb_content_width":"","footnotes":""},"class_list":["post-18680","page","type-page","status-publish","hentry"],"yoast_head":"<!-- This site is optimized with the Yoast SEO plugin v27.4 - https:\/\/yoast.com\/product\/yoast-seo-wordpress\/ -->\n<title>Supplier Documents - Merx<\/title>\n<meta name=\"description\" content=\"Tydliga leverant\u00f6rsriktlinjer fr\u00e5n Merx f\u00f6r kvalitet, h\u00e5llbarhet och sp\u00e5rbarhet \u2013 f\u00f6r ett effektivt och l\u00e5ngsiktigt samarbete.\" \/>\n<meta name=\"robots\" content=\"noindex, follow, max-snippet:-1, max-image-preview:large, max-video-preview:-1\" \/>\n<meta property=\"og:locale\" content=\"en_US\" \/>\n<meta property=\"og:type\" content=\"article\" \/>\n<meta property=\"og:title\" content=\"Supplier Documents - Merx\" \/>\n<meta property=\"og:description\" content=\"Tydliga leverant\u00f6rsriktlinjer fr\u00e5n Merx f\u00f6r kvalitet, h\u00e5llbarhet och sp\u00e5rbarhet \u2013 f\u00f6r ett effektivt och l\u00e5ngsiktigt samarbete.\" \/>\n<meta property=\"og:url\" content=\"https:\/\/merx.se\/en\/supplier-documents\/\" \/>\n<meta property=\"og:site_name\" content=\"Merx\" \/>\n<meta property=\"article:modified_time\" content=\"2025-04-28T07:33:43+00:00\" \/>\n<meta name=\"twitter:card\" content=\"summary_large_image\" \/>\n<meta name=\"twitter:label1\" content=\"Est. reading time\" \/>\n\t<meta name=\"twitter:data1\" content=\"2 minutes\" \/>\n<script type=\"application\/ld+json\" class=\"yoast-schema-graph\">{\"@context\":\"https:\\\/\\\/schema.org\",\"@graph\":[{\"@type\":\"WebPage\",\"@id\":\"https:\\\/\\\/merx.se\\\/en\\\/supplier-documents\\\/\",\"url\":\"https:\\\/\\\/merx.se\\\/en\\\/supplier-documents\\\/\",\"name\":\"Supplier Documents - Merx\",\"isPartOf\":{\"@id\":\"https:\\\/\\\/merx.se\\\/#website\"},\"datePublished\":\"2025-03-27T08:05:22+00:00\",\"dateModified\":\"2025-04-28T07:33:43+00:00\",\"description\":\"Tydliga leverant\u00f6rsriktlinjer fr\u00e5n Merx f\u00f6r kvalitet, h\u00e5llbarhet och sp\u00e5rbarhet \u2013 f\u00f6r ett effektivt och l\u00e5ngsiktigt samarbete.\",\"breadcrumb\":{\"@id\":\"https:\\\/\\\/merx.se\\\/en\\\/supplier-documents\\\/#breadcrumb\"},\"inLanguage\":\"en-US\",\"potentialAction\":[{\"@type\":\"ReadAction\",\"target\":[\"https:\\\/\\\/merx.se\\\/en\\\/supplier-documents\\\/\"]}]},{\"@type\":\"BreadcrumbList\",\"@id\":\"https:\\\/\\\/merx.se\\\/en\\\/supplier-documents\\\/#breadcrumb\",\"itemListElement\":[{\"@type\":\"ListItem\",\"position\":1,\"name\":\"Home\",\"item\":\"https:\\\/\\\/merx.se\\\/en\\\/\"},{\"@type\":\"ListItem\",\"position\":2,\"name\":\"Supplier Documents\"}]},{\"@type\":\"WebSite\",\"@id\":\"https:\\\/\\\/merx.se\\\/#website\",\"url\":\"https:\\\/\\\/merx.se\\\/\",\"name\":\"Merx\",\"description\":\"CNC produktion f\u00f6r kr\u00e4vande industrier \",\"publisher\":{\"@id\":\"https:\\\/\\\/merx.se\\\/#organization\"},\"potentialAction\":[{\"@type\":\"SearchAction\",\"target\":{\"@type\":\"EntryPoint\",\"urlTemplate\":\"https:\\\/\\\/merx.se\\\/?s={search_term_string}\"},\"query-input\":{\"@type\":\"PropertyValueSpecification\",\"valueRequired\":true,\"valueName\":\"search_term_string\"}}],\"inLanguage\":\"en-US\"},{\"@type\":\"Organization\",\"@id\":\"https:\\\/\\\/merx.se\\\/#organization\",\"name\":\"Merx\",\"url\":\"https:\\\/\\\/merx.se\\\/\",\"logo\":{\"@type\":\"ImageObject\",\"inLanguage\":\"en-US\",\"@id\":\"https:\\\/\\\/merx.se\\\/#\\\/schema\\\/logo\\\/image\\\/\",\"url\":\"https:\\\/\\\/merx.se\\\/wp-content\\\/uploads\\\/2025\\\/02\\\/favicon.png\",\"contentUrl\":\"https:\\\/\\\/merx.se\\\/wp-content\\\/uploads\\\/2025\\\/02\\\/favicon.png\",\"width\":512,\"height\":512,\"caption\":\"Merx\"},\"image\":{\"@id\":\"https:\\\/\\\/merx.se\\\/#\\\/schema\\\/logo\\\/image\\\/\"}}]}<\/script>\n<!-- \/ Yoast SEO plugin. -->","yoast_head_json":{"title":"Supplier Documents - Merx","description":"Tydliga leverant\u00f6rsriktlinjer fr\u00e5n Merx f\u00f6r kvalitet, h\u00e5llbarhet och sp\u00e5rbarhet \u2013 f\u00f6r ett effektivt och l\u00e5ngsiktigt samarbete.","robots":{"index":"noindex","follow":"follow","max-snippet":"max-snippet:-1","max-image-preview":"max-image-preview:large","max-video-preview":"max-video-preview:-1"},"og_locale":"en_US","og_type":"article","og_title":"Supplier Documents - Merx","og_description":"Tydliga leverant\u00f6rsriktlinjer fr\u00e5n Merx f\u00f6r kvalitet, h\u00e5llbarhet och sp\u00e5rbarhet \u2013 f\u00f6r ett effektivt och l\u00e5ngsiktigt samarbete.","og_url":"https:\/\/merx.se\/en\/supplier-documents\/","og_site_name":"Merx","article_modified_time":"2025-04-28T07:33:43+00:00","twitter_card":"summary_large_image","twitter_misc":{"Est. reading time":"2 minutes"},"schema":{"@context":"https:\/\/schema.org","@graph":[{"@type":"WebPage","@id":"https:\/\/merx.se\/en\/supplier-documents\/","url":"https:\/\/merx.se\/en\/supplier-documents\/","name":"Supplier Documents - Merx","isPartOf":{"@id":"https:\/\/merx.se\/#website"},"datePublished":"2025-03-27T08:05:22+00:00","dateModified":"2025-04-28T07:33:43+00:00","description":"Tydliga leverant\u00f6rsriktlinjer fr\u00e5n Merx f\u00f6r kvalitet, h\u00e5llbarhet och sp\u00e5rbarhet \u2013 f\u00f6r ett effektivt och l\u00e5ngsiktigt samarbete.","breadcrumb":{"@id":"https:\/\/merx.se\/en\/supplier-documents\/#breadcrumb"},"inLanguage":"en-US","potentialAction":[{"@type":"ReadAction","target":["https:\/\/merx.se\/en\/supplier-documents\/"]}]},{"@type":"BreadcrumbList","@id":"https:\/\/merx.se\/en\/supplier-documents\/#breadcrumb","itemListElement":[{"@type":"ListItem","position":1,"name":"Home","item":"https:\/\/merx.se\/en\/"},{"@type":"ListItem","position":2,"name":"Supplier Documents"}]},{"@type":"WebSite","@id":"https:\/\/merx.se\/#website","url":"https:\/\/merx.se\/","name":"Merx","description":"CNC produktion f\u00f6r kr\u00e4vande industrier ","publisher":{"@id":"https:\/\/merx.se\/#organization"},"potentialAction":[{"@type":"SearchAction","target":{"@type":"EntryPoint","urlTemplate":"https:\/\/merx.se\/?s={search_term_string}"},"query-input":{"@type":"PropertyValueSpecification","valueRequired":true,"valueName":"search_term_string"}}],"inLanguage":"en-US"},{"@type":"Organization","@id":"https:\/\/merx.se\/#organization","name":"Merx","url":"https:\/\/merx.se\/","logo":{"@type":"ImageObject","inLanguage":"en-US","@id":"https:\/\/merx.se\/#\/schema\/logo\/image\/","url":"https:\/\/merx.se\/wp-content\/uploads\/2025\/02\/favicon.png","contentUrl":"https:\/\/merx.se\/wp-content\/uploads\/2025\/02\/favicon.png","width":512,"height":512,"caption":"Merx"},"image":{"@id":"https:\/\/merx.se\/#\/schema\/logo\/image\/"}}]}},"_links":{"self":[{"href":"https:\/\/merx.se\/en\/wp-json\/wp\/v2\/pages\/18680","targetHints":{"allow":["GET"]}}],"collection":[{"href":"https:\/\/merx.se\/en\/wp-json\/wp\/v2\/pages"}],"about":[{"href":"https:\/\/merx.se\/en\/wp-json\/wp\/v2\/types\/page"}],"author":[{"embeddable":true,"href":"https:\/\/merx.se\/en\/wp-json\/wp\/v2\/users\/5"}],"replies":[{"embeddable":true,"href":"https:\/\/merx.se\/en\/wp-json\/wp\/v2\/comments?post=18680"}],"version-history":[{"count":0,"href":"https:\/\/merx.se\/en\/wp-json\/wp\/v2\/pages\/18680\/revisions"}],"wp:attachment":[{"href":"https:\/\/merx.se\/en\/wp-json\/wp\/v2\/media?parent=18680"}],"curies":[{"name":"wp","href":"https:\/\/api.w.org\/{rel}","templated":true}]}}